{"id":2075,"date":"2020-05-29T16:55:10","date_gmt":"2020-05-29T20:55:10","guid":{"rendered":"http:\/\/kinesiq.com\/privacy-policy\/"},"modified":"2020-05-29T16:55:13","modified_gmt":"2020-05-29T20:55:13","slug":"privacy-policy","status":"publish","type":"page","link":"https:\/\/www.kinesiq.com\/en\/privacy-policy\/","title":{"rendered":"Privacy Policy"},"content":{"rendered":"\t\t<div data-elementor-type=\"wp-page\" data-elementor-id=\"2075\" class=\"elementor elementor-2075 elementor-1838\">\n\t\t\t\t\t\t<div class=\"elementor-inner\">\n\t\t\t\t<div class=\"elementor-section-wrap\">\n\t\t\t\t\t\t\t\t\t<section class=\"elementor-section elementor-top-section elementor-element elementor-element-da4abfd elementor-section-full_width elementor-section-height-default elementor-section-height-default\" data-id=\"da4abfd\" data-element_type=\"section\">\n\t\t\t\t\t\t<div class=\"elementor-container elementor-column-gap-default\">\n\t\t\t\t\t\t\t<div class=\"elementor-row\">\n\t\t\t\t\t<div class=\"elementor-column elementor-col-50 elementor-top-column elementor-element elementor-element-f5b3926\" data-id=\"f5b3926\" data-element_type=\"column\" data-settings=\"{&quot;background_background&quot;:&quot;classic&quot;}\">\n\t\t\t<div class=\"elementor-column-wrap\">\n\t\t\t\t\t\t\t<div class=\"elementor-widget-wrap\">\n\t\t\t\t\t\t\t\t<\/div>\n\t\t\t\t\t<\/div>\n\t\t<\/div>\n\t\t\t\t<div class=\"elementor-column elementor-col-50 elementor-top-column elementor-element elementor-element-0d33ac4\" data-id=\"0d33ac4\" data-element_type=\"column\">\n\t\t\t<div class=\"elementor-column-wrap elementor-element-populated\">\n\t\t\t\t\t\t\t<div class=\"elementor-widget-wrap\">\n\t\t\t\t\t\t<div class=\"elementor-element elementor-element-6ef9aff elementor-widget elementor-widget-text-editor\" data-id=\"6ef9aff\" data-element_type=\"widget\" data-widget_type=\"text-editor.default\">\n\t\t\t\t<div class=\"elementor-widget-container\">\n\t\t\t\t\t\t\t\t<div class=\"elementor-text-editor elementor-clearfix\">\n\t\t\t\t<h1>PRIVACY POLICY<\/h1>\n\t\t\t\t\t<\/div>\n\t\t\t\t\t\t<\/div>\n\t\t\t\t<\/div>\n\t\t\t\t<div class=\"elementor-element elementor-element-84ad416 slidetext elementor-widget elementor-widget-text-editor\" data-id=\"84ad416\" data-element_type=\"widget\" data-widget_type=\"text-editor.default\">\n\t\t\t\t<div class=\"elementor-widget-container\">\n\t\t\t\t\t\t\t\t<div class=\"elementor-text-editor elementor-clearfix\">\n\t\t\t\t<p>THIS PRIVACY POLICY MAY BE REVISED FROM TIME TO TIME (LAST UPDATE MAY 2020). BY ACCESSING AND USING THE KINESIQ WEBSITE (THE \u201cSITE\u201d) AND BY DOWNLOADING AND USING KINESIQ SOFTWARE (THE \u201cSOFTWARE\u201d), YOU AGREE TO THE TERMS OF THIS PRIVACY POLICY.<\/p>\n\t\t\t\t\t<\/div>\n\t\t\t\t\t\t<\/div>\n\t\t\t\t<\/div>\n\t\t\t\t<div class=\"elementor-element elementor-element-3b88a83 slidetext elementor-widget elementor-widget-text-editor\" data-id=\"3b88a83\" data-element_type=\"widget\" data-widget_type=\"text-editor.default\">\n\t\t\t\t<div class=\"elementor-widget-container\">\n\t\t\t\t\t\t\t\t<div class=\"elementor-text-editor elementor-clearfix\">\n\t\t\t\t<h3>COLLECTING PERSONAL INFORMATION<\/h3>\n\t\t\t\t\t<\/div>\n\t\t\t\t\t\t<\/div>\n\t\t\t\t<\/div>\n\t\t\t\t<div class=\"elementor-element elementor-element-7a42445 slidetext elementor-widget elementor-widget-text-editor\" data-id=\"7a42445\" data-element_type=\"widget\" data-widget_type=\"text-editor.default\">\n\t\t\t\t<div class=\"elementor-widget-container\">\n\t\t\t\t\t\t\t\t<div class=\"elementor-text-editor elementor-clearfix\">\n\t\t\t\t<p>We collect personal information when you use the Site or Software. Some information is personally identifiable, such as your name, email address, telephone number or payment information, and some is non-personally identifiable, such as your IP address (a number that identifies your computer on the Internet), cookies (small data file stored on your computer that allows us to customize portions of our Site to your preferences) and pixel tags (small blocks of code on a webpage that allow websites to do things like read and place cookies)<\/p>\n\t\t\t\t\t<\/div>\n\t\t\t\t\t\t<\/div>\n\t\t\t\t<\/div>\n\t\t\t\t<div class=\"elementor-element elementor-element-31f1d04 slidetext elementor-widget elementor-widget-text-editor\" data-id=\"31f1d04\" data-element_type=\"widget\" data-widget_type=\"text-editor.default\">\n\t\t\t\t<div class=\"elementor-widget-container\">\n\t\t\t\t\t\t\t\t<div class=\"elementor-text-editor elementor-clearfix\">\n\t\t\t\t<h3>HOW WE USE INFORMATION<\/h3>\n\t\t\t\t\t<\/div>\n\t\t\t\t\t\t<\/div>\n\t\t\t\t<\/div>\n\t\t\t\t<div class=\"elementor-element elementor-element-678286b slidetext elementor-widget elementor-widget-text-editor\" data-id=\"678286b\" data-element_type=\"widget\" data-widget_type=\"text-editor.default\">\n\t\t\t\t<div class=\"elementor-widget-container\">\n\t\t\t\t\t\t\t\t<div class=\"elementor-text-editor elementor-clearfix\">\n\t\t\t\t<p>Here are the ways we use information about you:<\/p>\n\t\t\t\t\t<\/div>\n\t\t\t\t\t\t<\/div>\n\t\t\t\t<\/div>\n\t\t\t\t<div class=\"elementor-element elementor-element-1100061 slidetext elementor-widget elementor-widget-text-editor\" data-id=\"1100061\" data-element_type=\"widget\" data-widget_type=\"text-editor.default\">\n\t\t\t\t<div class=\"elementor-widget-container\">\n\t\t\t\t\t\t\t\t<div class=\"elementor-text-editor elementor-clearfix\">\n\t\t\t\t<p>To provide, maintain and improve our Site and Software.\u00a0We may use feedback from you as well as interactions on social media in order to identify features that generate the most interest, that require additional development or to find ways to further innovate.<\/p>\n\t\t\t\t\t<\/div>\n\t\t\t\t\t\t<\/div>\n\t\t\t\t<\/div>\n\t\t\t\t<div class=\"elementor-element elementor-element-4088495 slidetext elementor-widget elementor-widget-text-editor\" data-id=\"4088495\" data-element_type=\"widget\" data-widget_type=\"text-editor.default\">\n\t\t\t\t<div class=\"elementor-widget-container\">\n\t\t\t\t\t\t\t\t<div class=\"elementor-text-editor elementor-clearfix\">\n\t\t\t\t<p>To enhance your online experience.\u00a0We may use information about you to recognize you and welcome you back to the Site, personalizing your experience based on your preferences.<\/p>\n\t\t\t\t\t<\/div>\n\t\t\t\t\t\t<\/div>\n\t\t\t\t<\/div>\n\t\t\t\t<div class=\"elementor-element elementor-element-fcb3855 slidetext elementor-widget elementor-widget-text-editor\" data-id=\"fcb3855\" data-element_type=\"widget\" data-widget_type=\"text-editor.default\">\n\t\t\t\t<div class=\"elementor-widget-container\">\n\t\t\t\t\t\t\t\t<div class=\"elementor-text-editor elementor-clearfix\">\n\t\t\t\t<p>To gather intelligence.\u00a0We use non-personally identifiable information to create reports and analyses, track trends and build statistics that we may use with our partners to adapt our products and services to the needs of our customers.<\/p>\n\t\t\t\t\t<\/div>\n\t\t\t\t\t\t<\/div>\n\t\t\t\t<\/div>\n\t\t\t\t<div class=\"elementor-element elementor-element-53206f2 slidetext elementor-widget elementor-widget-text-editor\" data-id=\"53206f2\" data-element_type=\"widget\" data-widget_type=\"text-editor.default\">\n\t\t\t\t<div class=\"elementor-widget-container\">\n\t\t\t\t\t\t\t\t<div class=\"elementor-text-editor elementor-clearfix\">\n\t\t\t\t<p>Additionally, like many other companies, KINESIQ may use outside marketing companies to place advertisements or links on other websites. The marketing company or the operator of the website where an advertisement or link appears may collect information about people who click on an advertisement for or link to KINESIQ. KINESIQ is not responsible for the collection or use of information by such marketing companies or third party websites.<\/p>\n\t\t\t\t\t<\/div>\n\t\t\t\t\t\t<\/div>\n\t\t\t\t<\/div>\n\t\t\t\t<div class=\"elementor-element elementor-element-d421c15 slidetext elementor-widget elementor-widget-text-editor\" data-id=\"d421c15\" data-element_type=\"widget\" data-widget_type=\"text-editor.default\">\n\t\t\t\t<div class=\"elementor-widget-container\">\n\t\t\t\t\t\t\t\t<div class=\"elementor-text-editor elementor-clearfix\">\n\t\t\t\t<p>Third parties may receive your personal information because you have visited their websites or accessed their links. Please refer to their privacy policies to learn about how they handle your personal information. Please note that KINESIQ has no control over the privacy practices of other companies of websites, and we do not assume any responsibility or liability for any third-party\u2019s data collection or disclosure practices, their failure to abide by their privacy policies, or the content of their websites.<\/p>\n\t\t\t\t\t<\/div>\n\t\t\t\t\t\t<\/div>\n\t\t\t\t<\/div>\n\t\t\t\t<div class=\"elementor-element elementor-element-cff2480 slidetext elementor-widget elementor-widget-text-editor\" data-id=\"cff2480\" data-element_type=\"widget\" data-widget_type=\"text-editor.default\">\n\t\t\t\t<div class=\"elementor-widget-container\">\n\t\t\t\t\t\t\t\t<div class=\"elementor-text-editor elementor-clearfix\">\n\t\t\t\t<h3>DISCLOSURE OF YOUR PERSONAL INFORMATION<\/h3>\n\t\t\t\t\t<\/div>\n\t\t\t\t\t\t<\/div>\n\t\t\t\t<\/div>\n\t\t\t\t<div class=\"elementor-element elementor-element-4a2d18c slidetext elementor-widget elementor-widget-text-editor\" data-id=\"4a2d18c\" data-element_type=\"widget\" data-widget_type=\"text-editor.default\">\n\t\t\t\t<div class=\"elementor-widget-container\">\n\t\t\t\t\t\t\t\t<div class=\"elementor-text-editor elementor-clearfix\">\n\t\t\t\t<p>We limit access to personal information about you to employees who we believe reasonably need to come into contact with that information to provide products or services to you or in order to do their jobs.<\/p>\n<p>We have physical, electronic, and procedural safeguards that comply with federal regulations to protect personal information about you.<\/p>\n<p>We will not use or disclose your personal information except: (1) as described in this Privacy Policy; (2) after obtaining your permission to a specific use or disclosure; (3) if it is necessary to identify, contact or bring legal action against persons or entities who may be causing injury to you, to KINESIQ, or to others; (4) if we are required to do so in order to comply with any valid legal process or governmental request (such as a court order, search warrant, subpoena, civil discovery request, or statutory requirement); or (5) as we otherwise believe is required by law.<\/p>\n\t\t\t\t\t<\/div>\n\t\t\t\t\t\t<\/div>\n\t\t\t\t<\/div>\n\t\t\t\t<div class=\"elementor-element elementor-element-9a04c94 slidetext elementor-widget elementor-widget-text-editor\" data-id=\"9a04c94\" data-element_type=\"widget\" data-widget_type=\"text-editor.default\">\n\t\t\t\t<div class=\"elementor-widget-container\">\n\t\t\t\t\t\t\t\t<div class=\"elementor-text-editor elementor-clearfix\">\n\t\t\t\t<h3>OPTING OUT<\/h3>\n\t\t\t\t\t<\/div>\n\t\t\t\t\t\t<\/div>\n\t\t\t\t<\/div>\n\t\t\t\t<div class=\"elementor-element elementor-element-3f6830d slidetext elementor-widget elementor-widget-text-editor\" data-id=\"3f6830d\" data-element_type=\"widget\" data-widget_type=\"text-editor.default\">\n\t\t\t\t<div class=\"elementor-widget-container\">\n\t\t\t\t\t\t\t\t<div class=\"elementor-text-editor elementor-clearfix\">\n\t\t\t\t<p>While we hope that the information included in this Privacy Policy has helped you better understand how we use and protect your information to provide you with better service, we understand that you may still choose to not receive information from KINESIQ or our partners.<\/p>\n\t\t\t\t\t<\/div>\n\t\t\t\t\t\t<\/div>\n\t\t\t\t<\/div>\n\t\t\t\t<div class=\"elementor-element elementor-element-803885d slidetext elementor-widget elementor-widget-text-editor\" data-id=\"803885d\" data-element_type=\"widget\" data-widget_type=\"text-editor.default\">\n\t\t\t\t<div class=\"elementor-widget-container\">\n\t\t\t\t\t\t\t\t<div class=\"elementor-text-editor elementor-clearfix\">\n\t\t\t\t<p>As a part of our commitment to your privacy, we agree to: (1) provide customers with notice of their ability to opt out of information rental, sale or exchange with others; (2) honor customers&#8217; requests not to share their information with others; and (3) honor customers&#8217; requests not to receive mail or email from KINESIQ.<\/p>\n\t\t\t\t\t<\/div>\n\t\t\t\t\t\t<\/div>\n\t\t\t\t<\/div>\n\t\t\t\t<div class=\"elementor-element elementor-element-a564c48 slidetext elementor-widget elementor-widget-text-editor\" data-id=\"a564c48\" data-element_type=\"widget\" data-widget_type=\"text-editor.default\">\n\t\t\t\t<div class=\"elementor-widget-container\">\n\t\t\t\t\t\t\t\t<div class=\"elementor-text-editor elementor-clearfix\">\n\t\t\t\t<p>Information Rental, Sale or Exchange.\u00a0KINESIQ does not rent, sell, or otherwise provide your personal information to any third parties or corporate affiliates for purposes of allowing them to engage in direct marketing to you on behalf of anyone other than KINESIQ.<\/p>\n\t\t\t\t\t<\/div>\n\t\t\t\t\t\t<\/div>\n\t\t\t\t<\/div>\n\t\t\t\t<div class=\"elementor-element elementor-element-ceefc76 slidetext elementor-widget elementor-widget-text-editor\" data-id=\"ceefc76\" data-element_type=\"widget\" data-widget_type=\"text-editor.default\">\n\t\t\t\t<div class=\"elementor-widget-container\">\n\t\t\t\t\t\t\t\t<div class=\"elementor-text-editor elementor-clearfix\">\n\t\t\t\t<p>Email Opt Out.\u00a0All of our marketing emails include a link for unsubscribing to our emails. Immediately after unsubscribing, you should no longer receive marketing emails from KINESIQ. You may still receive e-mails regarding your transactions, for example confirming that you have placed an order or that a product you have ordered has shipped.<\/p>\n\t\t\t\t\t<\/div>\n\t\t\t\t\t\t<\/div>\n\t\t\t\t<\/div>\n\t\t\t\t<div class=\"elementor-element elementor-element-03c0b9b slidetext elementor-widget elementor-widget-text-editor\" data-id=\"03c0b9b\" data-element_type=\"widget\" data-widget_type=\"text-editor.default\">\n\t\t\t\t<div class=\"elementor-widget-container\">\n\t\t\t\t\t\t\t\t<div class=\"elementor-text-editor elementor-clearfix\">\n\t\t\t\t<h3>ACCEPTANCE OF TERMS<\/h3>\n\t\t\t\t\t<\/div>\n\t\t\t\t\t\t<\/div>\n\t\t\t\t<\/div>\n\t\t\t\t<div class=\"elementor-element elementor-element-78f3d75 slidetext elementor-widget elementor-widget-text-editor\" data-id=\"78f3d75\" data-element_type=\"widget\" data-widget_type=\"text-editor.default\">\n\t\t\t\t<div class=\"elementor-widget-container\">\n\t\t\t\t\t\t\t\t<div class=\"elementor-text-editor elementor-clearfix\">\n\t\t\t\t<p>We reserve the right, at our discretion, to change, modify, add or remove portions of this policy at any time. If this policy changes in the future, we will let you know by posting the updated policy on our Site with the most recent modification date. Please check this page periodically for changes. Your continued use of our Site and Software following the posting of changes to these terms means you accept those changes.<\/p>\n\t\t\t\t\t<\/div>\n\t\t\t\t\t\t<\/div>\n\t\t\t\t<\/div>\n\t\t\t\t<div class=\"elementor-element elementor-element-5539ece slidetext elementor-widget elementor-widget-text-editor\" data-id=\"5539ece\" data-element_type=\"widget\" data-widget_type=\"text-editor.default\">\n\t\t\t\t<div class=\"elementor-widget-container\">\n\t\t\t\t\t\t\t\t<div class=\"elementor-text-editor elementor-clearfix\">\n\t\t\t\t<h3>CHILDREN AND PRIVACY<\/h3>\n\t\t\t\t\t<\/div>\n\t\t\t\t\t\t<\/div>\n\t\t\t\t<\/div>\n\t\t\t\t<div class=\"elementor-element elementor-element-341b0b8 slidetext elementor-widget elementor-widget-text-editor\" data-id=\"341b0b8\" data-element_type=\"widget\" data-widget_type=\"text-editor.default\">\n\t\t\t\t<div class=\"elementor-widget-container\">\n\t\t\t\t\t\t\t\t<div class=\"elementor-text-editor elementor-clearfix\">\n\t\t\t\t<p>The Site and Software are not directed to children under the age of 13 years. We will never request personally identifiable information from anyone whom we know to be under the age of 13 without verifiable parental consent. By using the Site and Software, you represent and warrant that you are at least 13 years old. If we become aware that a customer is under the age of 13 and has registered without prior verifiable parental consent, we will remove his or her personally identifiable registration information.<\/p>\n\t\t\t\t\t<\/div>\n\t\t\t\t\t\t<\/div>\n\t\t\t\t<\/div>\n\t\t\t\t\t\t<\/div>\n\t\t\t\t\t<\/div>\n\t\t<\/div>\n\t\t\t\t\t\t\t\t<\/div>\n\t\t\t\t\t<\/div>\n\t\t<\/section>\n\t\t\t\t\t\t\t\t\t<\/div>\n\t\t\t<\/div>\n\t\t\t\t\t<\/div>\n\t\t","protected":false},"excerpt":{"rendered":"<p>PRIVACY POLICY THIS PRIVACY POLICY MAY BE REVISED FROM TIME TO TIME (LAST UPDATE MAY 2020). BY ACCESSING AND USING THE KINESIQ WEBSITE (THE \u201cSITE\u201d) AND BY DOWNLOADING AND USING KINESIQ SOFTWARE (THE \u201cSOFTWARE\u201d), YOU AGREE TO THE TERMS OF THIS PRIVACY POLICY. COLLECTING PERSONAL INFORMATION We collect personal information when you use the Site &hellip;<\/p>\n<p class=\"read-more\"> <a class=\"\" href=\"https:\/\/www.kinesiq.com\/en\/privacy-policy\/\"> <span class=\"screen-reader-text\">Privacy Policy<\/span> Read More &raquo;<\/a><\/p>\n","protected":false},"author":1,"featured_media":0,"parent":0,"menu_order":0,"comment_status":"closed","ping_status":"closed","template":"","meta":[],"acf":[],"yoast_head":"<!-- This site is optimized with the Yoast SEO plugin v20.5 - https:\/\/yoast.com\/wordpress\/plugins\/seo\/ -->\n<title>Privacy Policy - KINESIQ<\/title>\n<meta name=\"robots\" content=\"index, follow, max-snippet:-1, max-image-preview:large, max-video-preview:-1\" \/>\n<link rel=\"canonical\" href=\"https:\/\/www.kinesiq.com\/en\/privacy-policy\/\" \/>\n<meta property=\"og:locale\" content=\"en_US\" \/>\n<meta property=\"og:type\" content=\"article\" \/>\n<meta property=\"og:title\" content=\"Privacy Policy - KINESIQ\" \/>\n<meta property=\"og:description\" content=\"PRIVACY POLICY THIS PRIVACY POLICY MAY BE REVISED FROM TIME TO TIME (LAST UPDATE MAY 2020). BY ACCESSING AND USING THE KINESIQ WEBSITE (THE \u201cSITE\u201d) AND BY DOWNLOADING AND USING KINESIQ SOFTWARE (THE \u201cSOFTWARE\u201d), YOU AGREE TO THE TERMS OF THIS PRIVACY POLICY. COLLECTING PERSONAL INFORMATION We collect personal information when you use the Site &hellip; Privacy Policy Read More &raquo;\" \/>\n<meta property=\"og:url\" content=\"https:\/\/www.kinesiq.com\/en\/privacy-policy\/\" \/>\n<meta property=\"og:site_name\" content=\"KINESIQ\" \/>\n<meta property=\"article:modified_time\" content=\"2020-05-29T20:55:13+00:00\" \/>\n<meta name=\"twitter:card\" content=\"summary_large_image\" \/>\n<meta name=\"twitter:label1\" content=\"Est. reading time\" \/>\n\t<meta name=\"twitter:data1\" content=\"5 minutes\" \/>\n<script type=\"application\/ld+json\" class=\"yoast-schema-graph\">{\"@context\":\"https:\/\/schema.org\",\"@graph\":[{\"@type\":\"WebPage\",\"@id\":\"https:\/\/www.kinesiq.com\/en\/privacy-policy\/\",\"url\":\"https:\/\/www.kinesiq.com\/en\/privacy-policy\/\",\"name\":\"Privacy Policy - KINESIQ\",\"isPartOf\":{\"@id\":\"https:\/\/www.kinesiq.com\/en\/#website\"},\"datePublished\":\"2020-05-29T20:55:10+00:00\",\"dateModified\":\"2020-05-29T20:55:13+00:00\",\"breadcrumb\":{\"@id\":\"https:\/\/www.kinesiq.com\/en\/privacy-policy\/#breadcrumb\"},\"inLanguage\":\"en-US\",\"potentialAction\":[{\"@type\":\"ReadAction\",\"target\":[\"https:\/\/www.kinesiq.com\/en\/privacy-policy\/\"]}]},{\"@type\":\"BreadcrumbList\",\"@id\":\"https:\/\/www.kinesiq.com\/en\/privacy-policy\/#breadcrumb\",\"itemListElement\":[{\"@type\":\"ListItem\",\"position\":1,\"name\":\"Accueil\",\"item\":\"https:\/\/www.kinesiq.com\/en\/\"},{\"@type\":\"ListItem\",\"position\":2,\"name\":\"Privacy Policy\"}]},{\"@type\":\"WebSite\",\"@id\":\"https:\/\/www.kinesiq.com\/en\/#website\",\"url\":\"https:\/\/www.kinesiq.com\/en\/\",\"name\":\"KINESIQ\",\"description\":\"Outil d&#039;exercice pour l&#039;\u00e9quilibre et la d\u00e9marche pour les r\u00e9sidences pour a\u00een\u00e9s et la r\u00e9adaptation\",\"publisher\":{\"@id\":\"https:\/\/www.kinesiq.com\/en\/#organization\"},\"potentialAction\":[{\"@type\":\"SearchAction\",\"target\":{\"@type\":\"EntryPoint\",\"urlTemplate\":\"https:\/\/www.kinesiq.com\/en\/?s={search_term_string}\"},\"query-input\":\"required name=search_term_string\"}],\"inLanguage\":\"en-US\"},{\"@type\":\"Organization\",\"@id\":\"https:\/\/www.kinesiq.com\/en\/#organization\",\"name\":\"KINESIQ\",\"url\":\"https:\/\/www.kinesiq.com\/en\/\",\"logo\":{\"@type\":\"ImageObject\",\"inLanguage\":\"en-US\",\"@id\":\"https:\/\/www.kinesiq.com\/en\/#\/schema\/logo\/image\/\",\"url\":\"https:\/\/www.kinesiq.com\/wp-content\/uploads\/2020\/05\/logo.svg\",\"contentUrl\":\"https:\/\/www.kinesiq.com\/wp-content\/uploads\/2020\/05\/logo.svg\",\"width\":1445,\"height\":302,\"caption\":\"KINESIQ\"},\"image\":{\"@id\":\"https:\/\/www.kinesiq.com\/en\/#\/schema\/logo\/image\/\"}}]}<\/script>\n<!-- \/ Yoast SEO plugin. -->","yoast_head_json":{"title":"Privacy Policy - KINESIQ","robots":{"index":"index","follow":"follow","max-snippet":"max-snippet:-1","max-image-preview":"max-image-preview:large","max-video-preview":"max-video-preview:-1"},"canonical":"https:\/\/www.kinesiq.com\/en\/privacy-policy\/","og_locale":"en_US","og_type":"article","og_title":"Privacy Policy - KINESIQ","og_description":"PRIVACY POLICY THIS PRIVACY POLICY MAY BE REVISED FROM TIME TO TIME (LAST UPDATE MAY 2020). BY ACCESSING AND USING THE KINESIQ WEBSITE (THE \u201cSITE\u201d) AND BY DOWNLOADING AND USING KINESIQ SOFTWARE (THE \u201cSOFTWARE\u201d), YOU AGREE TO THE TERMS OF THIS PRIVACY POLICY. COLLECTING PERSONAL INFORMATION We collect personal information when you use the Site &hellip; Privacy Policy Read More &raquo;","og_url":"https:\/\/www.kinesiq.com\/en\/privacy-policy\/","og_site_name":"KINESIQ","article_modified_time":"2020-05-29T20:55:13+00:00","twitter_card":"summary_large_image","twitter_misc":{"Est. reading time":"5 minutes"},"schema":{"@context":"https:\/\/schema.org","@graph":[{"@type":"WebPage","@id":"https:\/\/www.kinesiq.com\/en\/privacy-policy\/","url":"https:\/\/www.kinesiq.com\/en\/privacy-policy\/","name":"Privacy Policy - KINESIQ","isPartOf":{"@id":"https:\/\/www.kinesiq.com\/en\/#website"},"datePublished":"2020-05-29T20:55:10+00:00","dateModified":"2020-05-29T20:55:13+00:00","breadcrumb":{"@id":"https:\/\/www.kinesiq.com\/en\/privacy-policy\/#breadcrumb"},"inLanguage":"en-US","potentialAction":[{"@type":"ReadAction","target":["https:\/\/www.kinesiq.com\/en\/privacy-policy\/"]}]},{"@type":"BreadcrumbList","@id":"https:\/\/www.kinesiq.com\/en\/privacy-policy\/#breadcrumb","itemListElement":[{"@type":"ListItem","position":1,"name":"Accueil","item":"https:\/\/www.kinesiq.com\/en\/"},{"@type":"ListItem","position":2,"name":"Privacy Policy"}]},{"@type":"WebSite","@id":"https:\/\/www.kinesiq.com\/en\/#website","url":"https:\/\/www.kinesiq.com\/en\/","name":"KINESIQ","description":"Outil d&#039;exercice pour l&#039;\u00e9quilibre et la d\u00e9marche pour les r\u00e9sidences pour a\u00een\u00e9s et la r\u00e9adaptation","publisher":{"@id":"https:\/\/www.kinesiq.com\/en\/#organization"},"potentialAction":[{"@type":"SearchAction","target":{"@type":"EntryPoint","urlTemplate":"https:\/\/www.kinesiq.com\/en\/?s={search_term_string}"},"query-input":"required name=search_term_string"}],"inLanguage":"en-US"},{"@type":"Organization","@id":"https:\/\/www.kinesiq.com\/en\/#organization","name":"KINESIQ","url":"https:\/\/www.kinesiq.com\/en\/","logo":{"@type":"ImageObject","inLanguage":"en-US","@id":"https:\/\/www.kinesiq.com\/en\/#\/schema\/logo\/image\/","url":"https:\/\/www.kinesiq.com\/wp-content\/uploads\/2020\/05\/logo.svg","contentUrl":"https:\/\/www.kinesiq.com\/wp-content\/uploads\/2020\/05\/logo.svg","width":1445,"height":302,"caption":"KINESIQ"},"image":{"@id":"https:\/\/www.kinesiq.com\/en\/#\/schema\/logo\/image\/"}}]}},"_links":{"self":[{"href":"https:\/\/www.kinesiq.com\/en\/wp-json\/wp\/v2\/pages\/2075"}],"collection":[{"href":"https:\/\/www.kinesiq.com\/en\/wp-json\/wp\/v2\/pages"}],"about":[{"href":"https:\/\/www.kinesiq.com\/en\/wp-json\/wp\/v2\/types\/page"}],"author":[{"embeddable":true,"href":"https:\/\/www.kinesiq.com\/en\/wp-json\/wp\/v2\/users\/1"}],"replies":[{"embeddable":true,"href":"https:\/\/www.kinesiq.com\/en\/wp-json\/wp\/v2\/comments?post=2075"}],"version-history":[{"count":1,"href":"https:\/\/www.kinesiq.com\/en\/wp-json\/wp\/v2\/pages\/2075\/revisions"}],"predecessor-version":[{"id":2076,"href":"https:\/\/www.kinesiq.com\/en\/wp-json\/wp\/v2\/pages\/2075\/revisions\/2076"}],"wp:attachment":[{"href":"https:\/\/www.kinesiq.com\/en\/wp-json\/wp\/v2\/media?parent=2075"}],"curies":[{"name":"wp","href":"https:\/\/api.w.org\/{rel}","templated":true}]}}